{"id":1510,"date":"2022-01-13T12:19:52","date_gmt":"2022-01-13T12:19:52","guid":{"rendered":"https:\/\/eisengakaas.com\/?page_id=1510"},"modified":"2022-01-27T15:39:42","modified_gmt":"2022-01-27T15:39:42","slug":"friesland-cheese-land","status":"publish","type":"page","link":"https:\/\/eisengakaas.com\/fr\/friesland-cheese-land\/","title":{"rendered":"Friesland Cheese Land"},"content":{"rendered":"<p>[et_pb_section fb_built=&#8221;1&#8243; _builder_version=&#8221;4.10.7&#8243; _module_preset=&#8221;default&#8221; background_color=&#8221;RGBA(0,0,0,0)&#8221; background_image=&#8221;https:\/\/eisengakaas.com\/wp-content\/uploads\/2022\/01\/header-friesland.jpg&#8221; parallax=&#8221;on&#8221; custom_padding=&#8221;0px|||||&#8221; global_colors_info=&#8221;{}&#8221;][et_pb_row column_structure=&#8221;1_3,1_3,1_3&#8243; _builder_version=&#8221;4.10.7&#8243; _module_preset=&#8221;default&#8221; custom_padding=&#8221;0px|||||&#8221; global_colors_info=&#8221;{}&#8221;][et_pb_column type=&#8221;1_3&#8243; _builder_version=&#8221;4.10.7&#8243; _module_preset=&#8221;default&#8221; global_colors_info=&#8221;{}&#8221;][\/et_pb_column][et_pb_column type=&#8221;1_3&#8243; _builder_version=&#8221;4.10.7&#8243; _module_preset=&#8221;default&#8221; global_colors_info=&#8221;{}&#8221;][\/et_pb_column][et_pb_column type=&#8221;1_3&#8243; _builder_version=&#8221;4.10.7&#8243; _module_preset=&#8221;default&#8221; global_colors_info=&#8221;{}&#8221;][et_pb_image src=&#8221;https:\/\/eisengakaas.nl\/wp-content\/uploads\/2021\/10\/Discover.png&#8221; title_text=&#8221;Discover&#8221; url=&#8221;#discover&#8221; align=&#8221;center&#8221; _builder_version=&#8221;4.10.7&#8243; _module_preset=&#8221;default&#8221; width=&#8221;72%&#8221; width_tablet=&#8221;42%&#8221; width_phone=&#8221;68%&#8221; width_last_edited=&#8221;on|phone&#8221; global_colors_info=&#8221;{}&#8221; transform_styles__hover_enabled=&#8221;on|desktop&#8221; transform_scale__hover_enabled=&#8221;on|desktop&#8221; transform_translate__hover_enabled=&#8221;on|desktop&#8221; transform_rotate__hover_enabled=&#8221;on|desktop&#8221; transform_skew__hover_enabled=&#8221;on|desktop&#8221; transform_origin__hover_enabled=&#8221;on|desktop&#8221; transform_rotate__hover=&#8221;0deg|0deg|-5deg&#8221;][\/et_pb_image][\/et_pb_column][\/et_pb_row][\/et_pb_section][et_pb_section fb_built=&#8221;1&#8243; module_id=&#8221;discover&#8221; _builder_version=&#8221;4.10.7&#8243; _module_preset=&#8221;default&#8221; background_color=&#8221;RGBA(0,0,0,0)&#8221; background_enable_image=&#8221;off&#8221; parallax=&#8221;on&#8221; parallax_method=&#8221;off&#8221; custom_padding=&#8221;0px||0px||true|&#8221; global_colors_info=&#8221;{}&#8221;][et_pb_row column_structure=&#8221;3_5,2_5&#8243; make_equal=&#8221;on&#8221; _builder_version=&#8221;4.10.7&#8243; _module_preset=&#8221;default&#8221; background_color=&#8221;rgba(255,255,255,0.8)&#8221; width=&#8221;100%&#8221; custom_padding=&#8221;4.9%|7%|0%|7%|false|true&#8221; global_colors_info=&#8221;{}&#8221;][et_pb_column type=&#8221;3_5&#8243; module_class=&#8221;vert&#8221; _builder_version=&#8221;4.10.7&#8243; _module_preset=&#8221;default&#8221; global_colors_info=&#8221;{}&#8221;][et_pb_text _builder_version=&#8221;4.10.7&#8243; _module_preset=&#8221;default&#8221; header_text_color=&#8221;#E6316A&#8221; header_2_text_color=&#8221;#E6316A&#8221; text_orientation=&#8221;center&#8221; custom_margin=&#8221;||14px|||&#8221; global_colors_info=&#8221;{}&#8221;]<\/p>\n<h2>Bienvenue \u00e0 Friesland Cheese Land<\/h2>\n<p>[\/et_pb_text][et_pb_text _builder_version=&#8221;4.10.7&#8243; _module_preset=&#8221;default&#8221; text_font=&#8221;||||||||&#8221; text_text_color=&#8221;#13245A&#8221; text_orientation=&#8221;center&#8221; width=&#8221;70%&#8221; module_alignment=&#8221;center&#8221; custom_margin=&#8221;||32px|||&#8221; global_colors_info=&#8221;{}&#8221;]<\/p>\n<p><strong>Depuis des si\u00e8cle, nous, les Frisons, conqu\u00e9rons des terres sur la mer.<\/strong> \u00c0 l\u2019\u00e9poque romaine, l\u2019empire frison (Magna Frisia) couvrait la totalit\u00e9 de la c\u00f4te septentrionale des Pays-Bas (et de l\u2019Allemagne). Une grande partie de cette r\u00e9gion \u00e9tait r\u00e9guli\u00e8rement inond\u00e9e. L\u2019eau de mer sal\u00e9e, qui entrait par les criques, a apport\u00e9 \u00e0 terre de grandes quantit\u00e9s de limon. Ces apports ont cr\u00e9\u00e9 une terre d\u2019\u00e9levage riche et sal\u00e9e, sur laquelle se trouvent maintenant de vastes pr\u00e9s o\u00f9 paissent nos vaches frisonnes. Cela donne \u00e0 nos fromages un ar\u00f4me d\u00e9licieux remarquable.<\/p>\n<p>[\/et_pb_text][et_pb_image src=&#8221;https:\/\/eisengakaas.com\/wp-content\/uploads\/2022\/01\/friesland-cheeseland-img.jpg&#8221; title_text=&#8221;friesland-cheeseland-img&#8221; src_phone=&#8221;https:\/\/eisengakaas.nl\/wp-content\/uploads\/2021\/10\/Alle-kazen_mobile.png&#8221; src_last_edited=&#8221;off|desktop&#8221; _builder_version=&#8221;4.10.7&#8243; _module_preset=&#8221;default&#8221; custom_margin_tablet=&#8221;&#8221; custom_margin_phone=&#8221;&#8221; custom_margin_last_edited=&#8221;on|tablet&#8221; custom_padding=&#8221;||30px||false|false&#8221; global_colors_info=&#8221;{}&#8221;][\/et_pb_image][\/et_pb_column][et_pb_column type=&#8221;2_5&#8243; module_id=&#8221;smaller&#8221; module_class=&#8221;vert&#8221; _builder_version=&#8221;4.10.7&#8243; _module_preset=&#8221;default&#8221; background_color=&#8221;#FFC83E&#8221; custom_padding=&#8221;0px|0px|40px||false|false&#8221; border_color_all=&#8221;rgba(255,255,255,0.8)&#8221; border_style_all=&#8221;dotted&#8221; global_colors_info=&#8221;{}&#8221;][et_pb_image src=&#8221;https:\/\/eisengakaas.com\/wp-content\/uploads\/2022\/01\/Nederland-kaart-vlaggetjes.jpg&#8221; title_text=&#8221;Nederland-kaart-vlaggetjes&#8221; _builder_version=&#8221;4.10.7&#8243; _module_preset=&#8221;default&#8221; custom_margin=&#8221;||||false|false&#8221; hover_enabled=&#8221;0&#8243; global_colors_info=&#8221;{}&#8221; sticky_enabled=&#8221;0&#8243;][\/et_pb_image][et_pb_text _builder_version=&#8221;4.10.7&#8243; _module_preset=&#8221;default&#8221; header_3_font_size=&#8221;32px&#8221; custom_margin=&#8221;17px|||30px|false|false&#8221; custom_padding=&#8221;|24px||||&#8221; global_colors_info=&#8221;{}&#8221;]<\/p>\n<h3>Nous s\u00e9lectionnons les meilleurs fromages chez les producteurs de Friesland Cheese Land.<\/h3>\n<p>[\/et_pb_text][et_pb_text module_class=&#8221;flag&#8221; _builder_version=&#8221;4.10.7&#8243; _module_preset=&#8221;default&#8221; header_4_text_color=&#8221;#E6316A&#8221; header_4_font_size=&#8221;20px&#8221; header_4_line_height=&#8221;1.9em&#8221; width=&#8221;100%&#8221; custom_margin=&#8221;17px|||30px|false|false&#8221; global_colors_info=&#8221;{}&#8221;]<\/p>\n<h4 class=\"p1\"><img loading=\"lazy\" decoding=\"async\" src=\"https:\/\/eisengakaas.nl\/wp-content\/uploads\/2021\/10\/Vlag-Eisenga.png\" width=\"66\" height=\"41\" alt=\"\" class=\"wp-image-819 alignnone size-full\" \/>\u00a0 OOSTERWOLDE<\/h4>\n<h4 class=\"p1\"><img loading=\"lazy\" decoding=\"async\" src=\"https:\/\/eisengakaas.nl\/wp-content\/uploads\/2021\/10\/Vlag-Eisenga.png\" width=\"66\" height=\"41\" alt=\"\" class=\"wp-image-819 alignnone size-full\" \/>\u00a0 VLIELAND<\/h4>\n<h4 class=\"p1\"><img loading=\"lazy\" decoding=\"async\" src=\"https:\/\/eisengakaas.nl\/wp-content\/uploads\/2021\/10\/Vlag-Eisenga.png\" width=\"66\" height=\"41\" alt=\"\" class=\"wp-image-819 alignnone size-full\" \/>\u00a0 TERSCHELLING<\/h4>\n<h4 class=\"p1\"><img loading=\"lazy\" decoding=\"async\" src=\"https:\/\/eisengakaas.nl\/wp-content\/uploads\/2021\/10\/Vlag-Eisenga.png\" width=\"66\" height=\"41\" alt=\"\" class=\"wp-image-819 alignnone size-full\" \/>\u00a0 SCHIERMONNIKOOG<\/h4>\n<h4 class=\"p1\"><img loading=\"lazy\" decoding=\"async\" src=\"https:\/\/eisengakaas.nl\/wp-content\/uploads\/2021\/10\/Vlag-Eisenga.png\" width=\"66\" height=\"41\" alt=\"\" class=\"wp-image-819 alignnone size-full\" \/>\u00a0 LUTJEWINKEL<\/h4>\n<h4 class=\"p1\"><img loading=\"lazy\" decoding=\"async\" src=\"https:\/\/eisengakaas.nl\/wp-content\/uploads\/2021\/10\/Vlag-Eisenga.png\" width=\"66\" height=\"41\" alt=\"\" class=\"wp-image-819 alignnone size-full\" \/>\u00a0 BEDUM<\/h4>\n<h4 class=\"p1\"><img loading=\"lazy\" decoding=\"async\" src=\"https:\/\/eisengakaas.nl\/wp-content\/uploads\/2021\/10\/Vlag-Eisenga.png\" width=\"66\" height=\"41\" alt=\"\" class=\"wp-image-819 alignnone size-full\" \/>\u00a0 WORKUM<\/h4>\n<h4 class=\"p1\"><img loading=\"lazy\" decoding=\"async\" src=\"https:\/\/eisengakaas.nl\/wp-content\/uploads\/2021\/10\/Vlag-Eisenga.png\" width=\"66\" height=\"41\" alt=\"\" class=\"wp-image-819 alignnone size-full\" \/>\u00a0 SEVERAL FRISIAN FARMERS<\/h4>\n<p>[\/et_pb_text][\/et_pb_column][\/et_pb_row][\/et_pb_section][et_pb_section fb_built=&#8221;1&#8243; _builder_version=&#8221;4.10.7&#8243; _module_preset=&#8221;default&#8221; custom_padding=&#8221;0px||14px|||&#8221; global_colors_info=&#8221;{}&#8221;][et_pb_row column_structure=&#8221;1_3,1_3,1_3&#8243; _builder_version=&#8221;4.10.7&#8243; _module_preset=&#8221;default&#8221; custom_padding=&#8221;0px|||||&#8221; global_colors_info=&#8221;{}&#8221;][et_pb_column type=&#8221;1_3&#8243; _builder_version=&#8221;4.10.7&#8243; _module_preset=&#8221;default&#8221; global_colors_info=&#8221;{}&#8221;][\/et_pb_column][et_pb_column type=&#8221;1_3&#8243; _builder_version=&#8221;4.10.7&#8243; _module_preset=&#8221;default&#8221; global_colors_info=&#8221;{}&#8221;][\/et_pb_column][et_pb_column type=&#8221;1_3&#8243; _builder_version=&#8221;4.10.7&#8243; _module_preset=&#8221;default&#8221; global_colors_info=&#8221;{}&#8221;][et_pb_image src=&#8221;https:\/\/eisengakaas.com\/wp-content\/uploads\/2021\/10\/ask_for_our.png&#8221; title_text=&#8221;ask_for_our&#8221; url=&#8221;mailto:info@eisengakaas.nl&#8221; align=&#8221;center&#8221; _builder_version=&#8221;4.10.7&#8243; _module_preset=&#8221;default&#8221; width=&#8221;50%&#8221; custom_margin=&#8221;-59px|||||&#8221; global_colors_info=&#8221;{}&#8221; transform_styles__hover_enabled=&#8221;on|hover&#8221; transform_scale__hover_enabled=&#8221;on|desktop&#8221; transform_translate__hover_enabled=&#8221;on|desktop&#8221; transform_rotate__hover_enabled=&#8221;on|hover&#8221; transform_skew__hover_enabled=&#8221;on|desktop&#8221; transform_origin__hover_enabled=&#8221;on|desktop&#8221; transform_rotate__hover=&#8221;0deg|0deg|-7deg&#8221;][\/et_pb_image][\/et_pb_column][\/et_pb_row][\/et_pb_section]<\/p>","protected":false},"excerpt":{"rendered":"<p>Welcome to Friesland Cheese LandWe Frisians have been conquering land from the sea for centuries. During the time of the Romans, the Frisian Empire (Magna Frisia) covered the entire northern coast of the Netherlands (and Germany). A large part of this area was regularly flooded. The salty seawater washed more and more silt onto the [&hellip;]<\/p>","protected":false},"author":1,"featured_media":0,"parent":0,"menu_order":0,"comment_status":"closed","ping_status":"closed","template":"","meta":{"_et_pb_use_builder":"on","_et_pb_old_content":"","_et_gb_content_width":"","footnotes":""},"class_list":["post-1510","page","type-page","status-publish","hentry"],"_links":{"self":[{"href":"https:\/\/eisengakaas.com\/fr\/wp-json\/wp\/v2\/pages\/1510","targetHints":{"allow":["GET"]}}],"collection":[{"href":"https:\/\/eisengakaas.com\/fr\/wp-json\/wp\/v2\/pages"}],"about":[{"href":"https:\/\/eisengakaas.com\/fr\/wp-json\/wp\/v2\/types\/page"}],"author":[{"embeddable":true,"href":"https:\/\/eisengakaas.com\/fr\/wp-json\/wp\/v2\/users\/1"}],"replies":[{"embeddable":true,"href":"https:\/\/eisengakaas.com\/fr\/wp-json\/wp\/v2\/comments?post=1510"}],"version-history":[{"count":11,"href":"https:\/\/eisengakaas.com\/fr\/wp-json\/wp\/v2\/pages\/1510\/revisions"}],"predecessor-version":[{"id":1619,"href":"https:\/\/eisengakaas.com\/fr\/wp-json\/wp\/v2\/pages\/1510\/revisions\/1619"}],"wp:attachment":[{"href":"https:\/\/eisengakaas.com\/fr\/wp-json\/wp\/v2\/media?parent=1510"}],"curies":[{"name":"wp","href":"https:\/\/api.w.org\/{rel}","templated":true}]}}