{"id":1502,"date":"2022-01-13T11:21:29","date_gmt":"2022-01-13T11:21:29","guid":{"rendered":"https:\/\/eisengakaas.com\/?page_id=1502"},"modified":"2022-09-02T09:21:51","modified_gmt":"2022-09-02T09:21:51","slug":"our-support","status":"publish","type":"page","link":"https:\/\/eisengakaas.com\/fr\/our-support\/","title":{"rendered":"Notre assistance"},"content":{"rendered":"<p>[et_pb_section fb_built=&#8221;1&#8243; custom_padding_last_edited=&#8221;off|phone&#8221; _builder_version=&#8221;4.10.7&#8243; _module_preset=&#8221;default&#8221; background_image=&#8221;https:\/\/eisengakaas.com\/wp-content\/uploads\/2022\/01\/For-By-.jpg&#8221; parallax=&#8221;on&#8221; custom_padding=&#8221;0px||0px||false|false&#8221; custom_padding_tablet=&#8221;0px||||false|false&#8221; locked=&#8221;off&#8221; global_colors_info=&#8221;{}&#8221;][et_pb_row column_structure=&#8221;1_2,1_2&#8243; use_custom_gutter=&#8221;on&#8221; gutter_width=&#8221;1&#8243; module_class=&#8221;custom_row&#8221; _builder_version=&#8221;4.10.7&#8243; _module_preset=&#8221;default&#8221; width=&#8221;100%&#8221; module_alignment=&#8221;right&#8221; custom_padding=&#8221;||352px|||&#8221; global_colors_info=&#8221;{}&#8221;][et_pb_column type=&#8221;1_2&#8243; module_class=&#8221;second-on-mobile&#8221; _builder_version=&#8221;4.10.7&#8243; _module_preset=&#8221;default&#8221; global_colors_info=&#8221;{}&#8221;][et_pb_text _builder_version=&#8221;4.10.7&#8243; _module_preset=&#8221;default&#8221; header_text_color=&#8221;RGBA(0,0,0,0)&#8221; header_font_size=&#8221;1px&#8221; text_orientation=&#8221;center&#8221; header_font_size_tablet=&#8221;&#8221; header_font_size_phone=&#8221;1px&#8221; header_font_size_last_edited=&#8221;on|desktop&#8221; global_colors_info=&#8221;{}&#8221;]<\/p>\n<h1>Ondernemers Programma<\/h1>\n<p>[\/et_pb_text][\/et_pb_column][et_pb_column type=&#8221;1_2&#8243; module_class=&#8221;first-on-mobile&#8221; _builder_version=&#8221;4.10.7&#8243; _module_preset=&#8221;default&#8221; global_colors_info=&#8221;{}&#8221;][et_pb_text _builder_version=&#8221;4.10.7&#8243; _module_preset=&#8221;default&#8221; text_font=&#8221;NewBlockBerthold|100|||||||&#8221; text_text_color=&#8221;#FFFFFF&#8221; text_font_size=&#8221;34px&#8221; text_line_height=&#8221;0.38em&#8221; link_font=&#8221;|300|||||||&#8221; text_orientation=&#8221;right&#8221; custom_margin=&#8221;19px||20px|||&#8221; custom_margin_tablet=&#8221;19px||||false|false&#8221; custom_margin_phone=&#8221;&#8221; custom_margin_last_edited=&#8221;on|tablet&#8221; custom_padding=&#8221;||||false|false&#8221; sticky_position=&#8221;top&#8221; sticky_offset_top=&#8221;-1px&#8221; text_font_size_tablet=&#8221;&#8221; text_font_size_phone=&#8221;24px&#8221; text_font_size_last_edited=&#8221;on|phone&#8221; sticky_offset_top_tablet=&#8221;&#8221; sticky_offset_top_phone=&#8221;-5px&#8221; sticky_offset_top_last_edited=&#8221;on|desktop&#8221; global_module=&#8221;197&#8243; saved_tabs=&#8221;all&#8221; global_colors_info=&#8221;{}&#8221; link_text_color__hover_enabled=&#8221;on|hover&#8221; link_text_color__hover=&#8221;#F688A7&#8243;]<\/p>\n<p><span style=\"background-color: #e52b69; padding: 5px 30px;\">Nous sommes \u00e0 votre service !<\/span><\/p>\n<p><a href=\"tel:+31516431672\"><span style=\"background-color: #e52b69; padding: 5px 30px;\">+31 516 431 672<\/span><\/a><\/p>\n<p><a href=\"mailto:info@eisengakaas.nl\"><span style=\"background-color: #e52b69; padding: 5px 30px;\">info@eisengakaas.nl<\/span><\/a><\/p>\n<p>[\/et_pb_text][\/et_pb_column][\/et_pb_row][\/et_pb_section][et_pb_section fb_built=&#8221;1&#8243; disabled_on=&#8221;off|off|off&#8221; _builder_version=&#8221;4.10.7&#8243; _module_preset=&#8221;default&#8221; custom_padding=&#8221;60px||0px|||&#8221; locked=&#8221;off&#8221; global_colors_info=&#8221;{}&#8221;][et_pb_row column_structure=&#8221;1_2,1_2&#8243; make_equal=&#8221;on&#8221; custom_padding_last_edited=&#8221;on|phone&#8221; _builder_version=&#8221;4.10.7&#8243; _module_preset=&#8221;default&#8221; background_enable_image=&#8221;off&#8221; custom_padding_tablet=&#8221;0px||||false|false&#8221; custom_padding_phone=&#8221;0px||||false|false&#8221; global_colors_info=&#8221;{}&#8221;][et_pb_column type=&#8221;1_2&#8243; module_class=&#8221;vert&#8221; _builder_version=&#8221;4.10.7&#8243; _module_preset=&#8221;default&#8221; background_enable_image=&#8221;off&#8221; global_colors_info=&#8221;{}&#8221;][et_pb_text _builder_version=&#8221;4.10.7&#8243; _module_preset=&#8221;_initial&#8221; header_2_text_color=&#8221;#13245A&#8221; background_color=&#8221;#FFFFFF&#8221; custom_margin=&#8221;||8px||false|false&#8221; global_colors_info=&#8221;{}&#8221;]<\/p>\n<h2>Pour les entrepreneurs fromagers, par les entrepreneurs fromagers <\/h2>\n<p>[\/et_pb_text][et_pb_text _builder_version=&#8221;4.10.7&#8243; _module_preset=&#8221;default&#8221; custom_margin_tablet=&#8221;||25px||false|false&#8221; custom_margin_phone=&#8221;&#8221; custom_margin_last_edited=&#8221;on|tablet&#8221; global_colors_info=&#8221;{}&#8221;]<\/p>\n<p><strong>Nous sommes un grossiste dans le secteur du fromage. L\u2019esprit d\u2019entreprise coule dans notre sang. Nous menons notre activit\u00e9 \u00e0 la mani\u00e8re frisonne, en toute simplicit\u00e9. Nous allons droit au but et nous respectons nos accords. Nous sommes d\u00e9termin\u00e9s \u00e0 aider les entrepreneurs fromagers qui veulent tirer le meilleur parti de leurs ventes. Dans ce but, nous avons \u00e9labor\u00e9 des programmes efficaces.<\/strong><\/p>\n<p>Nous sommes fiers qu\u2019un groupe d\u2019amateurs de fromages en pleine croissance, dans le monde entier, puisse savourer nos fromages de haute qualit\u00e9. Gr\u00e2ce \u00e0 une bonne relation personnelle avec les importateurs, les n\u00e9gociants, les d\u00e9taillants et les grossistes, nous pouvons livrer des produits personnalis\u00e9s \u00e0 des centaines, voire des milliers de kilom\u00e8tres de la Frise.<\/p>\n<p>[\/et_pb_text][\/et_pb_column][et_pb_column type=&#8221;1_2&#8243; module_class=&#8221;vert&#8221; _builder_version=&#8221;4.10.7&#8243; _module_preset=&#8221;default&#8221; background_enable_image=&#8221;off&#8221; global_colors_info=&#8221;{}&#8221;][et_pb_image src=&#8221;https:\/\/eisengakaas.com\/wp-content\/uploads\/2021\/10\/3D_pakket_EN_2.png&#8221; title_text=&#8221;3D_pakket_EN_2&#8243; align=&#8221;center&#8221; _builder_version=&#8221;4.10.7&#8243; _module_preset=&#8221;default&#8221; width=&#8221;68%&#8221; global_colors_info=&#8221;{}&#8221;][\/et_pb_image][\/et_pb_column][\/et_pb_row][et_pb_row column_structure=&#8221;1_2,1_2&#8243; make_equal=&#8221;on&#8221; module_class=&#8221;custom_row&#8221; _builder_version=&#8221;4.10.7&#8243; _module_preset=&#8221;default&#8221; background_enable_image=&#8221;off&#8221; custom_padding=&#8221;0px|||||&#8221; global_colors_info=&#8221;{}&#8221;][et_pb_column type=&#8221;1_2&#8243; module_class=&#8221;vert second-on-mobile&#8221; _builder_version=&#8221;4.10.7&#8243; _module_preset=&#8221;default&#8221; background_enable_image=&#8221;off&#8221; global_colors_info=&#8221;{}&#8221;][et_pb_image src=&#8221;https:\/\/eisengakaas.com\/wp-content\/uploads\/2022\/01\/Ondernemersprogramma_v4.jpg&#8221; title_text=&#8221;Ondernemersprogramma_v4&#8243; _builder_version=&#8221;4.10.7&#8243; _module_preset=&#8221;default&#8221; hover_enabled=&#8221;0&#8243; global_colors_info=&#8221;{}&#8221; sticky_enabled=&#8221;0&#8243;][\/et_pb_image][\/et_pb_column][et_pb_column type=&#8221;1_2&#8243; module_class=&#8221;vert first-on-mobile&#8221; _builder_version=&#8221;4.10.7&#8243; _module_preset=&#8221;default&#8221; background_enable_image=&#8221;off&#8221; global_colors_info=&#8221;{}&#8221;][et_pb_text _builder_version=&#8221;4.10.7&#8243; _module_preset=&#8221;default&#8221; text_text_color=&#8221;#FFC83E&#8221; header_2_text_color=&#8221;#13245A&#8221; background_color=&#8221;#FFFFFF&#8221; custom_margin=&#8221;||8px||false|false&#8221; global_colors_info=&#8221;{}&#8221;]<\/p>\n<h2>R\u00e9ussissons ensemble, gr\u00e2ce \u00e0 notre bo\u00eete \u00e0 outils internationale ax\u00e9e sur la vente<\/h2>\n<p>[\/et_pb_text][et_pb_text _builder_version=&#8221;4.10.7&#8243; _module_preset=&#8221;default&#8221; custom_margin_tablet=&#8221;||25px||false|false&#8221; custom_margin_phone=&#8221;&#8221; custom_margin_last_edited=&#8221;on|tablet&#8221; global_colors_info=&#8221;{}&#8221;]We surround our cheese deliveries with an effective support programme. From product stories and POS service to consumer activations.[\/et_pb_text][\/et_pb_column][\/et_pb_row][\/et_pb_section][et_pb_section fb_built=&#8221;1&#8243; _builder_version=&#8221;4.10.7&#8243; _module_preset=&#8221;default&#8221; locked=&#8221;off&#8221; global_colors_info=&#8221;{}&#8221;][et_pb_row column_structure=&#8221;1_4,1_4,1_4,1_4&#8243; use_custom_gutter=&#8221;on&#8221; gutter_width=&#8221;2&#8243; custom_padding_last_edited=&#8221;on|tablet&#8221; _builder_version=&#8221;4.10.7&#8243; _module_preset=&#8221;default&#8221; custom_padding_tablet=&#8221;0px||||false|false&#8221; custom_padding_phone=&#8221;&#8221; global_colors_info=&#8221;{}&#8221;][et_pb_column type=&#8221;1_4&#8243; _builder_version=&#8221;4.10.7&#8243; _module_preset=&#8221;default&#8221; global_colors_info=&#8221;{}&#8221;][et_pb_text _builder_version=&#8221;4.10.7&#8243; _module_preset=&#8221;default&#8221; text_orientation=&#8221;center&#8221; custom_margin=&#8221;||2px|||&#8221; global_colors_info=&#8221;{}&#8221;]<\/p>\n<h4>Excellente s\u00e9lection Friesland Cheese Land<\/h4>\n<p>[\/et_pb_text][et_pb_text _builder_version=&#8221;4.10.7&#8243; _module_preset=&#8221;default&#8221; text_orientation=&#8221;center&#8221; global_colors_info=&#8221;{}&#8221;]We have a wide range of the tastiest cheeses from the dairy provinces in the north of the Netherlands. We would be happy to advise you on which products would best fit into your assortment.[\/et_pb_text][\/et_pb_column][et_pb_column type=&#8221;1_4&#8243; _builder_version=&#8221;4.10.7&#8243; _module_preset=&#8221;default&#8221; global_colors_info=&#8221;{}&#8221;][et_pb_text _builder_version=&#8221;4.10.7&#8243; _module_preset=&#8221;default&#8221; text_orientation=&#8221;center&#8221; custom_margin=&#8221;||2px|||&#8221; global_colors_info=&#8221;{}&#8221;]<\/p>\n<h4>Vente d\u2019histoires en magasin<br \/>\n<\/h4>\n<p>[\/et_pb_text][et_pb_text _builder_version=&#8221;4.10.7&#8243; _module_preset=&#8221;default&#8221; text_orientation=&#8221;center&#8221; global_colors_info=&#8221;{}&#8221;]Each cheese has a story about its origin and taste. With these stories, cheese entrepreneurs can flavor their sales pitch and profile themselves as specialists. We ensure that you can easily share these \u2018selling stories\u2019 with your customers.[\/et_pb_text][\/et_pb_column][et_pb_column type=&#8221;1_4&#8243; _builder_version=&#8221;4.10.7&#8243; _module_preset=&#8221;default&#8221; global_colors_info=&#8221;{}&#8221;][et_pb_text _builder_version=&#8221;4.10.7&#8243; _module_preset=&#8221;default&#8221; text_orientation=&#8221;center&#8221; custom_margin=&#8221;||2px|||&#8221; global_colors_info=&#8221;{}&#8221;]<\/p>\n<h4>Service de point de vente<\/h4>\n<p>[\/et_pb_text][et_pb_text _builder_version=&#8221;4.10.7&#8243; _module_preset=&#8221;default&#8221; text_orientation=&#8221;center&#8221; global_colors_info=&#8221;{}&#8221;]For each cheese, we can supply visual material with which the cheese can be presented perfectly. If desired, we can deliver complete artwork for POS materials that you can distribute among your customers.[\/et_pb_text][\/et_pb_column][et_pb_column type=&#8221;1_4&#8243; _builder_version=&#8221;4.10.7&#8243; _module_preset=&#8221;default&#8221; global_colors_info=&#8221;{}&#8221;][et_pb_text _builder_version=&#8221;4.10.7&#8243; _module_preset=&#8221;default&#8221; text_orientation=&#8221;center&#8221; custom_margin=&#8221;||2px|||&#8221; global_colors_info=&#8221;{}&#8221;]<\/p>\n<h4>Activation des consommateurs<br \/>\n<\/h4>\n<p>[\/et_pb_text][et_pb_text _builder_version=&#8221;4.10.7&#8243; _module_preset=&#8221;default&#8221; text_orientation=&#8221;center&#8221; global_colors_info=&#8221;{}&#8221;]Dutch cheeses are popular all over the world. If you want to give sales a boost, we can think along with you about effective activations. For example, with a campaign aimed at occasions, food pairing, a wanted cheese premium or a catchy win-promotion.[\/et_pb_text][\/et_pb_column][\/et_pb_row][et_pb_row column_structure=&#8221;1_5,3_5,1_5&#8243; use_custom_gutter=&#8221;on&#8221; gutter_width=&#8221;2&#8243; custom_padding_last_edited=&#8221;on|tablet&#8221; _builder_version=&#8221;4.10.7&#8243; _module_preset=&#8221;default&#8221; custom_padding_tablet=&#8221;0px||||false|false&#8221; custom_padding_phone=&#8221;&#8221; global_colors_info=&#8221;{}&#8221;][et_pb_column type=&#8221;1_5&#8243; _builder_version=&#8221;4.10.7&#8243; _module_preset=&#8221;default&#8221; global_colors_info=&#8221;{}&#8221;][\/et_pb_column][et_pb_column type=&#8221;3_5&#8243; _builder_version=&#8221;4.10.7&#8243; _module_preset=&#8221;default&#8221; global_colors_info=&#8221;{}&#8221;][et_pb_text _builder_version=&#8221;4.10.7&#8243; _module_preset=&#8221;default&#8221; text_orientation=&#8221;center&#8221; custom_margin=&#8221;||2px|||&#8221; global_colors_info=&#8221;{}&#8221;]<\/p>\n<h4>Nous avons h\u00e2te de coop\u00e9rer avec vous\u00a0!<\/h4>\n<p>[\/et_pb_text][et_pb_text _builder_version=&#8221;4.10.7&#8243; _module_preset=&#8221;default&#8221; text_orientation=&#8221;center&#8221; global_colors_info=&#8221;{}&#8221;]Our entrepreneurial mentality and years of expertise in exporting and marketing cheese are important factors in successfully operating in international markets. Shall we discuss the possibilities?[\/et_pb_text][et_pb_text _builder_version=&#8221;4.10.7&#8243; _module_preset=&#8221;_initial&#8221; text_orientation=&#8221;center&#8221; custom_margin=&#8221;||12px||false|false&#8221; global_colors_info=&#8221;{}&#8221;]<\/p>\n<h3>Demandez-nous conseil<\/h3>\n<p>[\/et_pb_text][et_pb_button button_url=&#8221;\/contact&#8221; button_text=&#8221;Contact&#8221; _builder_version=&#8221;4.10.7&#8243; _module_preset=&#8221;eabf0b70-a076-4283-bdfd-ebe105ce2aef&#8221; locked=&#8221;off&#8221; global_colors_info=&#8221;{}&#8221;][\/et_pb_button][et_pb_image src=&#8221;https:\/\/eisengakaas.com\/wp-content\/uploads\/2021\/10\/ask_for_our.png&#8221; title_text=&#8221;ask_for_our&#8221; url=&#8221;mailto:info@eisengakaas.nl&#8221; align=&#8221;center&#8221; _builder_version=&#8221;4.10.7&#8243; _module_preset=&#8221;default&#8221; transform_translate=&#8221;12px|0px&#8221; transform_translate_linked=&#8221;off&#8221; width=&#8221;33%&#8221; width_tablet=&#8221;41%&#8221; width_phone=&#8221;80%&#8221; width_last_edited=&#8221;on|tablet&#8221; global_colors_info=&#8221;{}&#8221; transform_styles__hover_enabled=&#8221;on|hover&#8221; transform_scale__hover_enabled=&#8221;on|desktop&#8221; transform_translate__hover_enabled=&#8221;on|desktop&#8221; transform_rotate__hover_enabled=&#8221;on|hover&#8221; transform_skew__hover_enabled=&#8221;on|desktop&#8221; transform_origin__hover_enabled=&#8221;on|desktop&#8221; transform_rotate__hover=&#8221;0deg|0deg|-7deg&#8221;][\/et_pb_image][\/et_pb_column][et_pb_column type=&#8221;1_5&#8243; _builder_version=&#8221;4.10.7&#8243; _module_preset=&#8221;default&#8221; global_colors_info=&#8221;{}&#8221;][\/et_pb_column][\/et_pb_row][\/et_pb_section]<\/p>","protected":false},"excerpt":{"rendered":"<p>Ondernemers ProgrammaWe\u2019re at your service! +31 516 431 672 info@eisengakaas.nl For cheese entrepreneurs, by cheese entrepreneurs We are the entrepreneurial cheese wholesaler. Entrepreneurship is in our blood. We do our business in a down-to-earth, Frisian way. We are straightforward and a deal is a deal. We are committed to helping cheese entrepreneurs who want to [&hellip;]<\/p>","protected":false},"author":1,"featured_media":0,"parent":0,"menu_order":0,"comment_status":"closed","ping_status":"closed","template":"","meta":{"_et_pb_use_builder":"on","_et_pb_old_content":"","_et_gb_content_width":"","footnotes":""},"class_list":["post-1502","page","type-page","status-publish","hentry"],"_links":{"self":[{"href":"https:\/\/eisengakaas.com\/fr\/wp-json\/wp\/v2\/pages\/1502","targetHints":{"allow":["GET"]}}],"collection":[{"href":"https:\/\/eisengakaas.com\/fr\/wp-json\/wp\/v2\/pages"}],"about":[{"href":"https:\/\/eisengakaas.com\/fr\/wp-json\/wp\/v2\/types\/page"}],"author":[{"embeddable":true,"href":"https:\/\/eisengakaas.com\/fr\/wp-json\/wp\/v2\/users\/1"}],"replies":[{"embeddable":true,"href":"https:\/\/eisengakaas.com\/fr\/wp-json\/wp\/v2\/comments?post=1502"}],"version-history":[{"count":6,"href":"https:\/\/eisengakaas.com\/fr\/wp-json\/wp\/v2\/pages\/1502\/revisions"}],"predecessor-version":[{"id":1646,"href":"https:\/\/eisengakaas.com\/fr\/wp-json\/wp\/v2\/pages\/1502\/revisions\/1646"}],"wp:attachment":[{"href":"https:\/\/eisengakaas.com\/fr\/wp-json\/wp\/v2\/media?parent=1502"}],"curies":[{"name":"wp","href":"https:\/\/api.w.org\/{rel}","templated":true}]}}