{"id":1463,"date":"2022-01-11T12:19:58","date_gmt":"2022-01-11T10:19:58","guid":{"rendered":"https:\/\/eisengakaas.nl\/?page_id=1463"},"modified":"2022-01-25T14:13:59","modified_gmt":"2022-01-25T14:13:59","slug":"home","status":"publish","type":"page","link":"https:\/\/eisengakaas.com\/fr\/","title":{"rendered":"Accueil"},"content":{"rendered":"<p>[et_pb_section fb_built=&#8221;1&#8243; custom_padding_last_edited=&#8221;on|tablet&#8221; _builder_version=&#8221;4.10.7&#8243; _module_preset=&#8221;default&#8221; custom_padding=&#8221;0px|||||&#8221; custom_padding_tablet=&#8221;0px||||false|false&#8221; custom_padding_phone=&#8221;&#8221; locked=&#8221;off&#8221; global_colors_info=&#8221;{}&#8221;][et_pb_row column_structure=&#8221;1_2,1_2&#8243; use_custom_gutter=&#8221;on&#8221; gutter_width=&#8221;1&#8243; module_class=&#8221;custom_row&#8221; _builder_version=&#8221;4.10.7&#8243; _module_preset=&#8221;default&#8221; width=&#8221;95%&#8221; module_alignment=&#8221;right&#8221; custom_padding=&#8221;||0px|||&#8221; global_colors_info=&#8221;{}&#8221;][et_pb_column type=&#8221;1_2&#8243; module_class=&#8221;second-on-mobile&#8221; _builder_version=&#8221;4.10.7&#8243; _module_preset=&#8221;default&#8221; global_colors_info=&#8221;{}&#8221;][et_pb_text _builder_version=&#8221;4.10.7&#8243; _module_preset=&#8221;default&#8221; text_text_color=&#8221;#FFC83E&#8221; header_text_color=&#8221;#FFC83E&#8221; custom_margin_tablet=&#8221;20px||||false|false&#8221; custom_margin_phone=&#8221;&#8221; custom_margin_last_edited=&#8221;on|tablet&#8221; global_colors_info=&#8221;{}&#8221;]<\/p>\n<h1>\u00cates-vous un entrepreneur fromager<\/h1>\n<p>[\/et_pb_text][et_pb_text _builder_version=&#8221;4.10.7&#8243; _module_preset=&#8221;default&#8221; text_font=&#8221;|600|||||||&#8221; text_text_color=&#8221;#222222&#8243; text_font_size=&#8221;18px&#8221; text_line_height=&#8221;1.5em&#8221; width=&#8221;95%&#8221; width_tablet=&#8221;&#8221; width_phone=&#8221;&#8221; width_last_edited=&#8221;on|desktop&#8221; custom_margin_tablet=&#8221;13px||||false|false&#8221; custom_margin_phone=&#8221;&#8221; custom_margin_last_edited=&#8221;on|tablet&#8221; inline_fonts=&#8221;BlockBerthold&#8221; global_colors_info=&#8221;{}&#8221;]and want to take action to make your international business even more successful? Then you have come to the right place. We are the enterprising cheese wholesaler with a complete top range and an effective support programme.[\/et_pb_text][\/et_pb_column][et_pb_column type=&#8221;1_2&#8243; module_class=&#8221;first-on-mobile&#8221; _builder_version=&#8221;4.10.7&#8243; _module_preset=&#8221;default&#8221; global_colors_info=&#8221;{}&#8221;][et_pb_text _builder_version=&#8221;4.10.7&#8243; _module_preset=&#8221;default&#8221; text_font=&#8221;NewBlockBerthold|100|||||||&#8221; text_text_color=&#8221;#FFFFFF&#8221; text_font_size=&#8221;34px&#8221; text_line_height=&#8221;0.38em&#8221; link_font=&#8221;|300|||||||&#8221; text_orientation=&#8221;right&#8221; custom_margin=&#8221;19px||20px|||&#8221; custom_margin_tablet=&#8221;19px||||false|false&#8221; custom_margin_phone=&#8221;&#8221; custom_margin_last_edited=&#8221;on|tablet&#8221; custom_padding=&#8221;||||false|false&#8221; sticky_position=&#8221;top&#8221; sticky_offset_top=&#8221;-1px&#8221; text_font_size_tablet=&#8221;&#8221; text_font_size_phone=&#8221;24px&#8221; text_font_size_last_edited=&#8221;on|phone&#8221; sticky_offset_top_tablet=&#8221;&#8221; sticky_offset_top_phone=&#8221;-5px&#8221; sticky_offset_top_last_edited=&#8221;on|desktop&#8221; global_module=&#8221;197&#8243; saved_tabs=&#8221;all&#8221; global_colors_info=&#8221;{}&#8221; link_text_color__hover_enabled=&#8221;on|hover&#8221; link_text_color__hover=&#8221;#13245A&#8221;]<\/p>\n<p><span style=\"background-color: #e52b69; padding: 5px 30px;\">Nous sommes \u00e0 votre service !<\/span><\/p>\n<p><a href=\"tel:+31516431672\"><span style=\"background-color: #e52b69; padding: 5px 30px;\">+31 516 431 672<\/span><\/a><\/p>\n<p><a href=\"mailto:info@eisengakaas.nl\"><span style=\"background-color: #e52b69; padding: 5px 30px;\">info@eisengakaas.nl<\/span><\/a><\/p>\n<p>[\/et_pb_text][\/et_pb_column][\/et_pb_row][\/et_pb_section][et_pb_section fb_built=&#8221;1&#8243; _builder_version=&#8221;4.10.7&#8243; _module_preset=&#8221;default&#8221; custom_padding=&#8221;4px||1px|||&#8221; global_colors_info=&#8221;{}&#8221;][et_pb_row column_structure=&#8221;1_2,1_2&#8243; custom_padding_last_edited=&#8221;on|phone&#8221; _builder_version=&#8221;4.10.7&#8243; _module_preset=&#8221;default&#8221; custom_padding_tablet=&#8221;&#8221; custom_padding_phone=&#8221;0px||||false|false&#8221; global_colors_info=&#8221;{}&#8221;][et_pb_column type=&#8221;1_2&#8243; _builder_version=&#8221;4.10.7&#8243; _module_preset=&#8221;default&#8221; global_colors_info=&#8221;{}&#8221;][et_pb_text _builder_version=&#8221;4.10.7&#8243; _module_preset=&#8221;_initial&#8221; header_2_text_align=&#8221;center&#8221; header_2_text_color=&#8221;#13245A&#8221; global_colors_info=&#8221;{}&#8221;]<\/p>\n<h2>Bienvenue \u00e0 Friesland<br \/>Cheese Land<\/h2>\n<p>[\/et_pb_text][et_pb_image src=&#8221;https:\/\/eisengakaas.com\/wp-content\/uploads\/2022\/01\/Welcome_FrieslandCheeseLand.jpg&#8221; title_text=&#8221;Welcome_FrieslandCheeseLand&#8221; _builder_version=&#8221;4.10.7&#8243; _module_preset=&#8221;default&#8221; custom_margin=&#8221;||0px||false|false&#8221; global_colors_info=&#8221;{}&#8221;][\/et_pb_image][et_pb_button button_url=&#8221;@ET-DC@eyJkeW5hbWljIjp0cnVlLCJjb250ZW50IjoicG9zdF9saW5rX3VybF9wYWdlIiwic2V0dGluZ3MiOnsicG9zdF9pZCI6IjE1MTAifX0=@&#8221; button_text=&#8221;Discover Friesland Cheese Land&#8221; button_alignment=&#8221;right&#8221; _builder_version=&#8221;4.10.7&#8243; _dynamic_attributes=&#8221;button_url&#8221; _module_preset=&#8221;default&#8221; custom_button=&#8221;on&#8221; button_text_size=&#8221;18px&#8221; button_text_color=&#8221;#222222&#8243; button_bg_color=&#8221;#FFC83E&#8221; button_border_width=&#8221;0px&#8221; button_border_radius=&#8221;0px&#8221; button_font=&#8221;Lalezar||||||||&#8221; button_icon=&#8221;%%20%%&#8221; button_on_hover=&#8221;off&#8221; transform_translate=&#8221;26px|0px&#8221; transform_translate_linked=&#8221;off&#8221; custom_margin=&#8221;-75px||25px||false|false&#8221; custom_padding=&#8221;10px|40px|10px|40px|true|true&#8221; box_shadow_style=&#8221;preset3&#8243; locked=&#8221;off&#8221; global_colors_info=&#8221;{}&#8221; box_shadow_color__hover_enabled=&#8221;on|hover&#8221; box_shadow_color__hover=&#8221;RGBA(0,0,0,0)&#8221; custom_padding__hover_enabled=&#8221;on|hover&#8221; custom_padding__hover=&#8221;|45px||45px|true|true&#8221;][\/et_pb_button][et_pb_text _builder_version=&#8221;4.10.7&#8243; _module_preset=&#8221;default&#8221; text_font=&#8221;||||||||&#8221; text_font_size=&#8221;16px&#8221; background_color=&#8221;#FFC83E&#8221; custom_margin=&#8221;-1px||||false|false&#8221; custom_padding=&#8221;25px|30px|25px|30px|true|true&#8221; global_colors_info=&#8221;{}&#8221;]We Frisians have been conquering land from the sea for centuries. The rich, salty soil that arose makes our cheese taste so particularly good.[\/et_pb_text][\/et_pb_column][et_pb_column type=&#8221;1_2&#8243; _builder_version=&#8221;4.10.7&#8243; _module_preset=&#8221;default&#8221; global_colors_info=&#8221;{}&#8221;][et_pb_text _builder_version=&#8221;4.10.7&#8243; _module_preset=&#8221;default&#8221; header_2_text_align=&#8221;center&#8221; header_2_text_color=&#8221;#13245A&#8221; custom_margin=&#8221;||93px||false|false&#8221; custom_margin_tablet=&#8221;||30px||false|false&#8221; custom_margin_phone=&#8221;&#8221; custom_margin_last_edited=&#8221;on|phone&#8221; global_colors_info=&#8221;{}&#8221;]<\/p>\n<h2>Choisissez votre fromage<\/h2>\n<p>[\/et_pb_text][et_pb_image src=&#8221;https:\/\/eisengakaas.nl\/wp-content\/uploads\/2021\/11\/Header_Kies-je-Kaas_1_v2.jpg&#8221; title_text=&#8221;Header_Kies je Kaas_1_v2&#8243; _builder_version=&#8221;4.10.7&#8243; _module_preset=&#8221;default&#8221; custom_margin=&#8221;||0px||false|false&#8221; global_colors_info=&#8221;{}&#8221; src__hover_enabled=&#8221;on|desktop&#8221; src__hover=&#8221;https:\/\/eisengakaas.nl\/wp-content\/uploads\/2021\/10\/Kies-je-Kaas_3.jpg&#8221;][\/et_pb_image][et_pb_button button_url=&#8221;@ET-DC@eyJkeW5hbWljIjp0cnVlLCJjb250ZW50IjoicG9zdF9saW5rX3VybF9wYWdlIiwic2V0dGluZ3MiOnsicG9zdF9pZCI6IjE0OTkifX0=@&#8221; button_text=&#8221;Our product range&#8221; button_alignment=&#8221;right&#8221; _builder_version=&#8221;4.10.7&#8243; _dynamic_attributes=&#8221;button_url&#8221; _module_preset=&#8221;default&#8221; custom_button=&#8221;on&#8221; button_text_size=&#8221;18px&#8221; button_text_color=&#8221;#222222&#8243; button_bg_color=&#8221;#FFC83E&#8221; button_border_width=&#8221;0px&#8221; button_border_radius=&#8221;0px&#8221; button_font=&#8221;Lalezar||||||||&#8221; button_icon=&#8221;%%20%%&#8221; button_on_hover=&#8221;off&#8221; transform_translate=&#8221;26px|0px&#8221; transform_translate_linked=&#8221;off&#8221; custom_margin=&#8221;-75px||25px||false|false&#8221; custom_padding=&#8221;10px|40px|10px|40px|true|true&#8221; box_shadow_style=&#8221;preset3&#8243; locked=&#8221;off&#8221; global_colors_info=&#8221;{}&#8221; box_shadow_color__hover_enabled=&#8221;on|hover&#8221; box_shadow_color__hover=&#8221;RGBA(0,0,0,0)&#8221; custom_padding__hover_enabled=&#8221;on|hover&#8221; custom_padding__hover=&#8221;|45px||45px|true|true&#8221;][\/et_pb_button][et_pb_text _builder_version=&#8221;4.10.7&#8243; _module_preset=&#8221;default&#8221; text_font=&#8221;||||||||&#8221; text_font_size=&#8221;16px&#8221; background_color=&#8221;#FFC83E&#8221; custom_margin=&#8221;-1px||||false|false&#8221; custom_padding=&#8221;25px|30px|25px|30px|true|true&#8221; global_colors_info=&#8221;{}&#8221;]We have wide range of the tastiest Dutch cheeses for every moment. We are happy to advise you on which cheese best suits the needs of your company.[\/et_pb_text][\/et_pb_column][\/et_pb_row][\/et_pb_section][et_pb_section fb_built=&#8221;1&#8243; specialty=&#8221;on&#8221; _builder_version=&#8221;4.10.7&#8243; _module_preset=&#8221;default&#8221; inner_width=&#8221;90%&#8221; inner_max_width=&#8221;100%&#8221; custom_padding=&#8221;48px|||||&#8221; global_colors_info=&#8221;{}&#8221;][et_pb_column type=&#8221;2_3&#8243; specialty_columns=&#8221;2&#8243; _builder_version=&#8221;3.25&#8243; custom_padding=&#8221;|||&#8221; global_colors_info=&#8221;{}&#8221; custom_padding__hover=&#8221;|||&#8221;][et_pb_row_inner custom_padding_last_edited=&#8221;on|tablet&#8221; _builder_version=&#8221;4.10.7&#8243; _module_preset=&#8221;default&#8221; custom_padding_tablet=&#8221;0px||||false|false&#8221; custom_padding_phone=&#8221;&#8221; global_colors_info=&#8221;{}&#8221;][et_pb_column_inner saved_specialty_column_type=&#8221;2_3&#8243; _builder_version=&#8221;4.10.7&#8243; _module_preset=&#8221;default&#8221; background_image=&#8221;https:\/\/eisengakaas.com\/wp-content\/uploads\/2021\/10\/home-ondernemersprogramma.jpg&#8221; parallax=&#8221;on&#8221; global_colors_info=&#8221;{}&#8221;][et_pb_text module_class=&#8221;achtertekst&#8221; _builder_version=&#8221;4.10.7&#8243; _module_preset=&#8221;default&#8221; header_3_text_color=&#8221;#FFFFFF&#8221; header_3_line_height=&#8221;0.87em&#8221; background_enable_color=&#8221;off&#8221; custom_margin=&#8221;30px||22px|||&#8221; global_colors_info=&#8221;{}&#8221;]<\/p>\n<h3><span style=\"background-color: rgba(230,49,106,0.79); padding: 0px 10px;\">R\u00e9ussissons ensemble, gr\u00e2ce \u00e0<\/span><\/h3>\n<h3><span style=\"background-color: rgba(230,49,106,0.79); padding: 0px 10px;\">notre bo\u00eete \u00e0 outils internationale<\/span><\/h3>\n<h3><span style=\"background-color: rgba(230,49,106,0.79); padding: 0px 10px;\">ax\u00e9e sur la vente<\/span><\/h3>\n<p>[\/et_pb_text][et_pb_text _builder_version=&#8221;4.10.7&#8243; _module_preset=&#8221;default&#8221; text_text_color=&#8221;#13245A&#8221; background_color=&#8221;rgba(255,255,255,0.8)&#8221; width=&#8221;52.5%&#8221; width_tablet=&#8221;79%&#8221; width_phone=&#8221;90%&#8221; width_last_edited=&#8221;on|phone&#8221; custom_margin=&#8221;||95px|||&#8221; custom_padding=&#8221;7px|10px|10px|10px|false|true&#8221; global_colors_info=&#8221;{}&#8221;]We surround our cheese deliveries with an effective support programme. From product stories and POS service to consumer activations.[\/et_pb_text][et_pb_button button_url=&#8221;@ET-DC@eyJkeW5hbWljIjp0cnVlLCJjb250ZW50IjoicG9zdF9saW5rX3VybF9wYWdlIiwic2V0dGluZ3MiOnsicG9zdF9pZCI6IjE1MDIifX0=@&#8221; button_text=&#8221;Learn more!&#8221; button_alignment=&#8221;left&#8221; _builder_version=&#8221;4.10.7&#8243; _module_preset=&#8221;default&#8221; custom_button=&#8221;on&#8221; button_text_size=&#8221;18px&#8221; button_text_color=&#8221;#222222&#8243; button_bg_color=&#8221;#FFC83E&#8221; button_border_width=&#8221;0px&#8221; button_border_radius=&#8221;0px&#8221; button_font=&#8221;Lalezar||||||||&#8221; button_icon=&#8221;%%20%%&#8221; button_on_hover=&#8221;off&#8221; transform_translate=&#8221;30px|25px&#8221; transform_translate_linked=&#8221;off&#8221; custom_margin=&#8221;||||false|false&#8221; custom_padding=&#8221;10px|40px|10px|40px|true|true&#8221; hover_enabled=&#8221;0&#8243; box_shadow_style=&#8221;preset3&#8243; global_colors_info=&#8221;{}&#8221; box_shadow_color__hover_enabled=&#8221;on|hover&#8221; box_shadow_color__hover=&#8221;RGBA(0,0,0,0)&#8221; custom_padding__hover_enabled=&#8221;on|hover&#8221; custom_padding__hover=&#8221;|45px||45px|true|true&#8221; _dynamic_attributes=&#8221;button_url&#8221; sticky_enabled=&#8221;0&#8243;][\/et_pb_button][\/et_pb_column_inner][\/et_pb_row_inner][et_pb_row_inner _builder_version=&#8221;4.10.7&#8243; _module_preset=&#8221;default&#8221; custom_margin_tablet=&#8221;||35px||false|false&#8221; custom_margin_phone=&#8221;&#8221; custom_margin_last_edited=&#8221;on|tablet&#8221; global_colors_info=&#8221;{}&#8221;][et_pb_column_inner saved_specialty_column_type=&#8221;2_3&#8243; _builder_version=&#8221;4.10.7&#8243; _module_preset=&#8221;default&#8221; background_image=&#8221;https:\/\/eisengakaas.com\/wp-content\/uploads\/2021\/10\/Header_Alpino-Speziato.jpg&#8221; parallax=&#8221;on&#8221; global_colors_info=&#8221;{}&#8221;][et_pb_text module_class=&#8221;achtertekst&#8221; _builder_version=&#8221;4.10.7&#8243; _module_preset=&#8221;default&#8221; header_3_text_color=&#8221;#FFFFFF&#8221; header_3_line_height=&#8221;0.87em&#8221; background_enable_color=&#8221;off&#8221; custom_margin=&#8221;30px||22px|||&#8221; global_colors_info=&#8221;{}&#8221;]<\/p>\n<h3><span style=\"background-color: rgba(19,36,90,0.85); padding: 0px 10px;\">Voulez-vous que votre<\/span><\/h3>\n<h3><span style=\"background-color: rgba(19,36,90,0.85); padding: 0px 10px;\">fromage ait du succ\u00e8s<\/span><\/h3>\n<h3><span style=\"background-color: rgba(19,36,90,0.85); padding: 0px 10px;\">aux Pays-Bas\u00a0?<\/span><\/h3>\n<p>[\/et_pb_text][et_pb_text _builder_version=&#8221;4.10.7&#8243; _module_preset=&#8221;4789d5ed-81b9-4ca1-b8d9-395a66e6b5a2&#8243; background_color=&#8221;rgba(255,255,255,0.8)&#8221; width_tablet=&#8221;79%&#8221; width_phone=&#8221;90%&#8221; width_last_edited=&#8221;on|phone&#8221; global_colors_info=&#8221;{}&#8221;]Our customers in the Netherlands (and Germany) are always looking for beautiful cheeses and special flavours. We import cheese and distribute it to their shops and market stalls.[\/et_pb_text][et_pb_button button_url=&#8221;@ET-DC@eyJkeW5hbWljIjp0cnVlLCJjb250ZW50IjoicG9zdF9saW5rX3VybF9wYWdlIiwic2V0dGluZ3MiOnsicG9zdF9pZCI6IjE1MjEifX0=@&#8221; button_text=&#8221;Export your cheese&#8221; button_alignment=&#8221;left&#8221; _builder_version=&#8221;4.10.7&#8243; _dynamic_attributes=&#8221;button_url&#8221; _module_preset=&#8221;default&#8221; custom_button=&#8221;on&#8221; button_text_size=&#8221;18px&#8221; button_text_color=&#8221;#222222&#8243; button_bg_color=&#8221;#FFC83E&#8221; button_border_width=&#8221;0px&#8221; button_border_radius=&#8221;0px&#8221; button_font=&#8221;Lalezar||||||||&#8221; button_icon=&#8221;%%20%%&#8221; button_on_hover=&#8221;off&#8221; transform_translate=&#8221;30px|25px&#8221; transform_translate_linked=&#8221;off&#8221; custom_margin=&#8221;||||false|false&#8221; custom_padding=&#8221;10px|40px|10px|40px|true|true&#8221; box_shadow_style=&#8221;preset3&#8243; global_colors_info=&#8221;{}&#8221; box_shadow_color__hover_enabled=&#8221;on|hover&#8221; box_shadow_color__hover=&#8221;RGBA(0,0,0,0)&#8221; custom_padding__hover_enabled=&#8221;on|hover&#8221; custom_padding__hover=&#8221;|45px||45px|true|true&#8221;][\/et_pb_button][\/et_pb_column_inner][\/et_pb_row_inner][\/et_pb_column][et_pb_column type=&#8221;1_3&#8243; _builder_version=&#8221;3.25&#8243; custom_padding=&#8221;|||&#8221; global_colors_info=&#8221;{}&#8221; custom_padding__hover=&#8221;|||&#8221;][et_pb_blurb _builder_version=&#8221;4.10.7&#8243; _module_preset=&#8221;7e708f42-31e0-427f-b613-01688add634d&#8221; background_image=&#8221;https:\/\/eisengakaas.com\/wp-content\/uploads\/2022\/01\/age-taste.jpg&#8221; width_tablet=&#8221;50%&#8221; custom_padding=&#8221;50px|70px|50px|70px|true|true&#8221; custom_padding_tablet=&#8221;40px|50px|40px|50px|true|true&#8221; custom_padding_phone=&#8221;20px|20px|20px|20px|true|true&#8221; custom_padding_last_edited=&#8221;on|phone&#8221; global_colors_info=&#8221;{}&#8221; background__hover_enabled=&#8221;on|desktop&#8221;]<\/p>\n<p><strong>D\u00e9couvrez des informations sur l\u2019\u00e2ge et le go\u00fbt<\/strong><\/p>\n<p>Les fromages n\u00e9erlandais sont g\u00e9n\u00e9ralement propos\u00e9s \u00e0 divers stades de maturation. Les fromages jeunes sont souples, onctueux et cr\u00e9meux. Plus un fromage est affin\u00e9, plus il devient \u00e9pic\u00e9. Dans les vieux fromages qui s\u2019effritent, les cristaux de sel qui se forment leur donnent un go\u00fbt unique et \u00e9pic\u00e9.<\/p>\n<p>[\/et_pb_blurb][et_pb_text _builder_version=&#8221;4.10.7&#8243; _module_preset=&#8221;default&#8221; text_text_color=&#8221;#13245A&#8221; text_font_size=&#8221;18px&#8221; text_orientation=&#8221;center&#8221; global_colors_info=&#8221;{}&#8221; text_text_color__hover_enabled=&#8221;off|hover&#8221; text_text_color__hover=&#8221;#FFC83E&#8221;]<\/p>\n<p>D\u00e9couvrez des informations sur l\u2019\u00e2ge et le go\u00fbt<\/p>\n<p>[\/et_pb_text][et_pb_blurb _builder_version=&#8221;4.10.7&#8243; _dynamic_attributes=&#8221;link_option_url&#8221; _module_preset=&#8221;7e708f42-31e0-427f-b613-01688add634d&#8221; background_image=&#8221;https:\/\/eisengakaas.nl\/wp-content\/uploads\/2021\/10\/Van-Schier_Vrije-Vogels.jpg&#8221; width_tablet=&#8221;50%&#8221; custom_padding=&#8221;50px|70px|50px|70px|true|true&#8221; custom_padding_tablet=&#8221;40px|50px|40px|50px|true|true&#8221; custom_padding_phone=&#8221;20px|20px|20px|20px|true|true&#8221; custom_padding_last_edited=&#8221;on|phone&#8221; link_option_url=&#8221;@ET-DC@eyJkeW5hbWljIjp0cnVlLCJjb250ZW50IjoicG9zdF9saW5rX3VybF9wYWdlIiwic2V0dGluZ3MiOnsicG9zdF9pZCI6IjU4MCJ9fQ==@&#8221; locked=&#8221;off&#8221; global_colors_info=&#8221;{}&#8221; background__hover_enabled=&#8221;on|hover&#8221;]<\/p>\n<p><strong>Vrije Vogels Van Schier<\/strong><\/p>\n<p>Ce fromage particulier est produit par les \u00e9leveurs de l\u2019Unesco Wadden Island Schiermonnikoog. Il est merveilleusement cr\u00e9meux et empreint du caract\u00e8re de l\u2019\u00eele. Essayez-les et aidez les \u00e9leveurs \u00e0 prot\u00e9ger la nature de l\u2019\u00eele.<\/p>\n<p>[\/et_pb_blurb][et_pb_text _builder_version=&#8221;4.10.7&#8243; _dynamic_attributes=&#8221;link_option_url&#8221; _module_preset=&#8221;default&#8221; text_text_color=&#8221;#13245A&#8221; text_font_size=&#8221;18px&#8221; text_orientation=&#8221;center&#8221; link_option_url=&#8221;@ET-DC@eyJkeW5hbWljIjp0cnVlLCJjb250ZW50IjoicG9zdF9saW5rX3VybF9wYWdlIiwic2V0dGluZ3MiOnsicG9zdF9pZCI6IjU4MCJ9fQ==@&#8221; global_colors_info=&#8221;{}&#8221; text_text_color__hover_enabled=&#8221;on|hover&#8221; text_text_color__hover=&#8221;#FFC83E&#8221;]Cheese in the spotlight: Vrije Vogels Van Schier<br \/>\n<span style=\"color: #e6316a;\">&gt;&gt;&gt;<\/span>[\/et_pb_text][\/et_pb_column][\/et_pb_section]<\/p>","protected":false},"excerpt":{"rendered":"<p>Are you a cheese entrepreneurand want to take action to make your international business even more successful? Then you have come to the right place. We are the enterprising cheese wholesaler with a complete top range and an effective support programme.We\u2019re at your service! +31 516 431 672 info@eisengakaas.nl Welcome to FrieslandCheese LandWe Frisians have [&hellip;]<\/p>","protected":false},"author":1,"featured_media":0,"parent":0,"menu_order":0,"comment_status":"closed","ping_status":"closed","template":"","meta":{"_et_pb_use_builder":"on","_et_pb_old_content":"","_et_gb_content_width":"","footnotes":""},"class_list":["post-1463","page","type-page","status-publish","hentry"],"_links":{"self":[{"href":"https:\/\/eisengakaas.com\/fr\/wp-json\/wp\/v2\/pages\/1463","targetHints":{"allow":["GET"]}}],"collection":[{"href":"https:\/\/eisengakaas.com\/fr\/wp-json\/wp\/v2\/pages"}],"about":[{"href":"https:\/\/eisengakaas.com\/fr\/wp-json\/wp\/v2\/types\/page"}],"author":[{"embeddable":true,"href":"https:\/\/eisengakaas.com\/fr\/wp-json\/wp\/v2\/users\/1"}],"replies":[{"embeddable":true,"href":"https:\/\/eisengakaas.com\/fr\/wp-json\/wp\/v2\/comments?post=1463"}],"version-history":[{"count":14,"href":"https:\/\/eisengakaas.com\/fr\/wp-json\/wp\/v2\/pages\/1463\/revisions"}],"predecessor-version":[{"id":1607,"href":"https:\/\/eisengakaas.com\/fr\/wp-json\/wp\/v2\/pages\/1463\/revisions\/1607"}],"wp:attachment":[{"href":"https:\/\/eisengakaas.com\/fr\/wp-json\/wp\/v2\/media?parent=1463"}],"curies":[{"name":"wp","href":"https:\/\/api.w.org\/{rel}","templated":true}]}}